{"id":8045,"date":"2024-12-09T15:19:13","date_gmt":"2024-12-09T15:19:13","guid":{"rendered":"https:\/\/mabellinguisticsolutions.com\/privacy-policy\/"},"modified":"2025-01-10T17:52:41","modified_gmt":"2025-01-10T17:52:41","slug":"informativa-privacy-specifica","status":"publish","type":"page","link":"https:\/\/mabellinguisticsolutions.com\/it\/informativa-privacy-specifica\/","title":{"rendered":"INFORMATIVA PRIVACY SPECIFICA"},"content":{"rendered":"\t\t<div data-elementor-type=\"wp-page\" data-elementor-id=\"8045\" class=\"elementor elementor-8045\">\n\t\t\t\t\t\t<section class=\"elementor-section elementor-top-section elementor-element elementor-element-65ad148f elementor-section-boxed elementor-section-height-default elementor-section-height-default\" data-id=\"65ad148f\" data-element_type=\"section\">\n\t\t\t\t\t\t<div class=\"elementor-container elementor-column-gap-no\">\n\t\t\t\t\t<div class=\"elementor-column elementor-col-100 elementor-top-column elementor-element elementor-element-59ab304b\" data-id=\"59ab304b\" data-element_type=\"column\">\n\t\t\t<div class=\"elementor-widget-wrap elementor-element-populated\">\n\t\t\t\t\t\t<div class=\"elementor-element elementor-element-c7a2f83 elementor-widget elementor-widget-text-editor\" data-id=\"c7a2f83\" data-element_type=\"widget\" data-widget_type=\"text-editor.default\">\n\t\t\t\t<div class=\"elementor-widget-container\">\n\t\t\t\t\t\t\t\t\t<p><b>Informativa sul trattamento dei dati personali. In vigore dal 17\/12\/2024<\/b><\/p><p><b>PREMESSA<\/b><\/p><p>La presente informativa tiene conto di quanto indicato dal Regolamento (UE) 2016\/679 del Parlamento europeo e del Consiglio del 27 aprile 2016 (GDPR) e dal Codice della Privacy (D. Lgs 30 giugno 2003 n. 196). Il documento \u00e8 stato redatto anche in base alle Linee Guida del Garante Privacy (soprattutto le Linee Guida di contrasto allo spam emesse dl Garante Privacy il 4 luglio 2013).<\/p><p><b>Titolare del Trattamento<\/b>: MAURA BELLI, 20007 Cornaredo (MI), P.IVA 12351630962, Email: maura@mabellinguisticsolutions.com<\/p><p>Sito al quale si riferisce la presente privacy policy: https:\/\/www.mabellinguisticsolutions.com\/ (<b>Sito<\/b>).<\/p><p>Il Titolare del Trattamento non ha nominato un DPO (Data Protection Officer). Pertanto, Lei pu\u00f2 inviare qualsiasi richiesta di informazioni direttamente al Titolare del Trattamento.<\/p><p><b>INFORMAZIONI GENERALI<\/b><\/p><p>Il presente documento descrive come il Titolare del Trattamento tratta i Suoi dati personali conferiti sul Sito.<\/p><p>Di seguito vengono descritti i principali trattamenti dei Suoi dati personali. Viene in particolare spiegata la base giuridica del trattamento, se il conferimento \u00e8 obbligatorio e le conseguenze del mancato conferimento di dati personali. Per descrivere al meglio i Suoi diritti, qualora necessario, abbiamo specificato se e quando un determinato trattamento di dati personali non viene effettuato.<\/p><p><b>Registrazione sul Sito<\/b><\/p><p>Il Sito non offre la possibilit\u00e0 di registrazione. Pertanto, il Titolare del Trattamento non tratta i Suoi dati personali per questa finalit\u00e0.<\/p><p><b>Acquisti sul Sito<\/b><\/p><p>Sul Sito non \u00e8 possibile effettuare acquisti. Pertanto, i Suoi dati personali non saranno trattati per questa finalit\u00e0.Il Titolare del Trattamento non tratta i dati dell&#8217;utente per inviare email di &#8220;reminder&#8221; di acquisto di prodotti e\/o servizi del Titolare stesso.<\/p><p><b>Rispondere alle Sue richieste<\/b><\/p><p>I Suoi dati verranno trattati per rispondere alle Sue richieste di informazioni. Il conferimento \u00e8 facoltativo, ma il Suo rifiuto comporter\u00e0 l\u2019impossibilit\u00e0 per il Titolare del Trattamento di rispondere alle Sue domande. La base giuridica del trattamento \u00e8 il legittimo interesse del Titolare del Trattamento a dare seguito alle richieste dell\u2019utente. Questo legittimo interesse \u00e8 equivalente all&#8217;interesse dell&#8217;utente a ricevere risposta alle comunicazioni inviate al Titolare del Trattamento.<\/p><p><b>Marketing generico<\/b><\/p><p>Il Titolare del Trattamento non Le invier\u00e0 materiale pubblicitario e\/o newsletter relativo a prodotti propri o di terzi. Utilizziamo servizi di Google, come Google Ads e Google Analytics, per personalizzare gli annunci pubblicitari e migliorare l\u2019esperienza utente. Ci\u00f2 include la raccolta di dati personali e cookie, utilizzati per mostrarti annunci in linea con le tue preferenze. Al momento del consenso, ti verr\u00e0 chiesto di autorizzare l&#8217;uso di questi dati. Maggiori dettagli sull&#8217;uso dei cookie e la gestione del consenso sono disponibili nella cookie policy di questo sito web.<\/p><p><b>Profilazione<\/b><\/p><p>Il Titolare del Trattamento non effettua &#8220;profilazione&#8221; con i Suoi dati personali. Pertanto, non Le invier\u00e0 materiale pubblicitario e\/o newsletter relativi a prodotti propri o di terzi di Suo specifico interesse.<\/p><p><b>Cessione dei dati<\/b><\/p><p>Il Titolare del Trattamento non cede a terzi i Suoi dati personali.<\/p><p><b>Geolocalizzazione<\/b><\/p><p>Il Sito non implementa strumenti di geolocalizzazione dell&#8217;indirizzo IP dell&#8217;utente.<\/p><p><b>Curriculum Vitae<\/b><\/p><p>Tramite il Sito non \u00e8 possibile inviare curriculum vitae. Pertanto, i Suoi dati non verranno trattati per queste finalit\u00e0.<\/p><p><b>Prenotazione appuntamenti<\/b><\/p><p>Sul Sito non sono attivi sistemi terzi di prenotazione di appuntamenti con il Titolare del Trattamento. Pertanto, i Suoi dati non verranno trattati per questa finalit\u00e0. Ad ogni modo, Lei pu\u00f2 sempre contattare il Titolare del Trattamento ai contatti indicati in epigrafe.<\/p><p><b>Fotografie e video<\/b><\/p><p>Il Titolare del Trattamento non chiede la pubblicazione di fotografie e\/o video Lei ritraenti. Pertanto, i Suoi dati non verranno trattati per queste finalit\u00e0.<\/p><p><b>Web scraping<\/b><\/p><p>L&#8217;uso di qualsiasi processo automatizzato o sistema per accedere, acquisire, copiare o monitorare qualsiasi parte del nostro sito web, incluse, ma non limitate a, tecniche di web scraping, crawling, o spidering, \u00e8 espressamente vietato. Il Titolare del Trattamento si riserva di adottare tutte le misure necessarie, comprese azioni legali, per prevenire e perseguire qualsiasi attivit\u00e0 di scraping non autorizzata. Utilizzando il Sito, l&#8217;utente o qualsiasi terzo si impegna a non: (i) utilizzare sistemi automatizzati, come bot, scraper, o spider, per accedere o interagire con il Sito; (ii) raccogliere contenuti, dati o altre informazioni presenti sul Sito senza esplicita autorizzazione scritta; (iii) distribuire, visualizzare, pubblicare, o utilizzare in altro modo i contenuti acquisiti attraverso tecniche di scraping senza consenso. Qualsiasi violazione di questa clausola sar\u00e0 considerata una violazione sostanziale dei termini di utilizzo del Sito e comporter\u00e0 l&#8217;adozione di provvedimenti appropriati, compresa la possibile sospensione dell&#8217;accesso al sito e l&#8217;avvio di azioni legali per tutelare gli interessi del Titolare del Trattamento.<\/p><p><b>Comunicazione dei dati personali<\/b><\/p><p>Nell&#8217;ambito della propria ordinaria attivit\u00e0, il Titolare del Trattamento pu\u00f2 comunicare i Suoi dati personali a determinate categorie di soggetti. All&#8217;articolo 2<b>\u00a0<\/b>Lei pu\u00f2 trovare l&#8217;elenco dei soggetti ai quali il Titolare del Trattamento comunica i Suoi dati personali. Per agevolare la tutela dei Suoi diritti, l&#8217;articolo 2 pu\u00f2 specificare in alcuni casi quando i Suoi dati non vengono comunicati a terzi.<\/p><p>La &#8220;comunicazione&#8221; a terzi del dato personale \u00e8 diversa dalla &#8220;cessione&#8221; (disciplinata al punto che precede). Infatti, nella comunicazione il terzo al quale \u00e8 trasmesso il dato pu\u00f2 usarlo solo per le specifiche finalit\u00e0 descritte nel rapporto con il Titolare del Trattamento. Nella cessione, invece, il terzo diventa Titolare del Trattamento autonomo del dato personale. Inoltre, per cedere i Suoi dati personali a terzi \u00e8 sempre richiesto il Suo consenso.<\/p><p>Fermo quanto precede, resta inteso che il Titolare del Trattamento potr\u00e0 comunque utilizzare i Suoi dati personali per dare corretto adempimento agli obblighi previsti dalle leggi in vigore.<\/p><p><b>INFORMATIVA PRIVACY SPECIFICA<\/b><\/p><p><b>Art. 1 Modalit\u00e0 di trattamento<\/b><\/p><p>1.1 Il trattamento dei Suoi dati personali sar\u00e0 principalmente effettuato con l\u2019ausilio di mezzi elettronici o comunque automatizzati, secondo le modalit\u00e0 e con gli strumenti idonei a garantirne la sicurezza e la riservatezza dei dati personali.<\/p><p>1.2 Le informazioni acquisite e le modalit\u00e0 del trattamento saranno pertinenti e non eccedenti rispetto alla tipologia dei servizi resi. I Suoi dati saranno altres\u00ec gestiti e protetti in ambienti informatici sicuri e adeguati alle circostanze.<\/p><p>1.3 Tramite il Sito non vengono trattati &#8220;dati particolari&#8221;. I dati particolari sono quelli che possono rivelare l&#8217;origine razziale ed etnica, le convinzioni religiose, filosofiche o di altro genere, le opinioni politiche, l&#8217;adesione a partiti, sindacati, associazioni od organizzazioni a carattere religioso, filosofico, politico o sindacale, lo stato di salute e la vita sessuale.<\/p><p>1.4 Tramite il Sito non vengono trattati dati giudiziari.<\/p><p><b>Art. 2 Comunicazione dei dati personali<\/b><\/p><p>Il Titolare del Trattamento pu\u00f2 comunicare i Suoi dati personali a categorie determinate di soggetti. Di seguito vengono indicati i soggetti ai quali il Titolare del Trattamento si riserva di comunicare i Suoi dati:<\/p><ul><li><p>Il Titolare del Trattamento pu\u00f2 comunicare i Suoi dati personali a tutti quei soggetti (ivi incluse le Pubbliche Autorit\u00e0) che hanno accesso ai dati personali in forza di provvedimenti normativi o amministrativi.<\/p><\/li><li><p>I Suoi dati personali possono essere comunicati anche a tutti quei soggetti pubblici e\/o privati, persone fisiche e\/o giuridiche (studi di consulenza legale, amministrativa e fiscale, Uffici Giudiziari, Camere di Commercio, Camere ed Uffici del Lavoro, ecc.), qualora la comunicazione risulti necessaria o funzionale al corretto adempimento degli obblighi derivanti dalla legge.<\/p><\/li><li><p>Il Titolare del Trattamento si avvale di dipendenti e\/o collaboratori a qualsiasi titolo. Per il corretto funzionamento del Sito il Titolare del Trattamento pu\u00f2 comunicare i Suoi dati personali a questi dipendenti e\/o collaboratori.<\/p><\/li><li><p>Nella propria ordinaria attivit\u00e0 di gestione del Sito, il Titolare del Trattamento si avvale di societ\u00e0, consulenti o professionisti incaricati dell\u2019installazione, della manutenzione, dell\u2019aggiornamento e, in generale, della gestione degli hardware e software del Titolare del Trattamento o di cui quest&#8217;ultimo si serve per l\u2019erogazione dei propri servizi. Pertanto, solo con riferimento a queste finalit\u00e0, i Suoi dati potranno essere trattati anche da questi soggetti.<\/p><\/li><li><p>Il Titolare del Trattamento non si avvale di piattaforme CRM (societ\u00e0 che svolgono in particolare l&#8217;attivit\u00e0 di inviare comunicazioni automatizzate agli utenti). Pertanto, i Suoi dati personali non vengono comunicati a queste societ\u00e0.<\/p><\/li><li><p>Il Titolare del Trattamento non si avvale di societ\u00e0 esterne per prestare il servizio di customer care.<\/p><\/li><li><p>Il Titolare del Trattamento non si avvale di istituti bancari e societ\u00e0 che gestiscono i circuiti di pagamento.<\/p><\/li><li><p>I dati personali degli acquirenti non sono comunicati a corrieri o spedizionieri.<\/p><\/li><\/ul><p>Il Titolare si riserva la facolt\u00e0 di modificare il sopra indicato elenco in base alla propria ordinaria operativit\u00e0. Pertanto, Lei \u00e8 invitato ad accedere con regolarit\u00e0 alla presente informativa per controllare a quali soggetti il Titolare del Trattamento comunica i Suoi dati personali.<\/p><p><b>Art. 3 Conservazione dei dati personali<\/b><\/p><p>3.1 Il presente articolo descrive per quanto tempo il Titolare del Trattamento si riserva il diritto di conservare i Suoi dati personali.<\/p><ul><li><p>I Suoi dati personali saranno conservati per il solo tempo necessario a garantire la corretta prestazione dei servizi offerti tramite il Sito.<\/p><\/li><li><p>Per finalit\u00e0 di customer care, i dati verranno cancellati una volta completato il servizio di assistenza e, comunque, entro un termine massimo di 3 mesi dall&#8217;ultimo scambio di email con l&#8217;interessato.<\/p><\/li><\/ul><p>3.2 Fermo quanto previsto all&#8217;articolo 3.1, il Titolare del Trattamento pu\u00f2 conservare i Suoi dati personali per il tempo richiesto da normative specifiche, come di volta in volta modificate.<\/p><p><b>Art. 4 Trasferimento dei dati personali<\/b><\/p><p>4.1 Il Titolare del Trattamento ha sede presso un Paese che presenta un adeguato livello di sicurezza dal punto di vista normativo. Qualora il trasferimento dei Suoi dati personali avvenga in un Paese extra-UE e per il quale la Commissione europea ha espresso un giudizio di adeguatezza, il trasferimento si ritiene in ogni caso sicuro dal punto di vista normativo. Il presente articolo 4.1 indica di volta in volta i Paesi nei quali i Suoi dati personali possono essere eventualmente trasferiti e dove la Commissione europea ha espresso un giudizio di adeguatezza.<\/p><ul><li><p>I Suoi dati personali possono essere trasferiti in USA in base a quanto stabilito dalla decisione di adeguatezza della Commissione europea. Con questa decisione la Commissione europea ha deciso che gli USA offrono una tutela dei dati personali assimilabile a quella offerta dall&#8217;Unione Europea.<\/p><\/li><\/ul><p>4.2 Fermo quanto indicato all&#8217;articolo 4.1, i Suoi dati possono essere trasferiti anche in Paesi extra-UE e per i quali la Commissione europea non ha espresso un giudizio di adeguatezza. Lei \u00e8 pertanto invitato a visionare con regolarit\u00e0 il presente articolo 4.2 per appurare in quali di questi Paesi i Suoi dati sono eventualmente trasferiti.<\/p><p>4.3 In questo articolo il Titolare del Trattamento indica i Paesi presso i quali eventualmente dirige in modo specifico la propria attivit\u00e0. Questa circostanza pu\u00f2 implicare l&#8217;applicazione della normativa del Paese di riferimento, unitamente a quella che disciplina il rapporto con l&#8217;utente in base a quanto indicato in Premessa.\u00a0<\/p><ul><li><p>Su richiesta dell&#8217;utente, il Titolare del Trattamento applicher\u00e0 al trattamento dei dati personali la normativa eventualmente pi\u00f9 favorevole prevista dalla legislazione nazionale dell&#8217;utente stesso.<\/p><\/li><\/ul><p><b>Art. 5. Diritti dell&#8217;interessato<\/b><\/p><p>Il Titolare del Trattamento La informa che Lei ha diritto di:<\/p><ul><li><p>chiedere al Titolare del Trattamento l\u2019accesso ai Suoi dati personali e la rettifica o la cancellazione degli stessi o la limitazione del trattamento che La riguardano o di opporsi al loro trattamento, oltre al diritto alla portabilit\u00e0 dei dati<\/p><\/li><li><p>revocare il consenso in qualsiasi momento senza pregiudicare la liceit\u00e0 del trattamento basata sul consenso prestato prima della revoca<\/p><\/li><li><p>proporre reclamo a un\u2019autorit\u00e0 di controllo.<\/p><\/li><\/ul><p>I diritti di cui sopra potranno essere esercitati con richiesta rivolta senza formalit\u00e0 ai contatti indicati in Premessa.<\/p><p><b>Art. 6. Modifiche e Miscellanea<\/b><\/p><p>Il Titolare del Trattamento si riserva il diritto di apportare modifiche alla presente informativa in qualsiasi momento, dandone idonea pubblicit\u00e0 agli utenti del Sito e garantendo in ogni caso una adeguata ed analoga protezione dei dati personali. Al fine di visionare eventuali modifiche, Lei \u00e8 invitato a consultare con regolarit\u00e0 la presente informativa. In caso di modifiche sostanziali alla presente informativa privacy, il Titolare del Trattamento ne potr\u00e0 dare comunicazione anche tramite email.<\/p><p><span style=\"color: #0563c1;\"><u><a href=\"https:\/\/www.legalblink.it\/\">Powered by LegalBlink<\/a><\/u><\/span>.<\/p>\t\t\t\t\t\t\t\t<\/div>\n\t\t\t\t<\/div>\n\t\t\t\t\t<\/div>\n\t\t<\/div>\n\t\t\t\t\t<\/div>\n\t\t<\/section>\n\t\t\t\t<\/div>\n\t\t","protected":false},"excerpt":{"rendered":"<p>Informativa sul trattamento dei dati personali. In vigore dal 17\/12\/2024 PREMESSA La presente informativa tiene conto di quanto indicato dal Regolamento (UE) 2016\/679 del Parlamento europeo e del Consiglio del 27 aprile 2016 (GDPR) e dal Codice della Privacy (D. Lgs 30 giugno 2003 n. 196). Il documento \u00e8 stato redatto anche in base alle [&hellip;]<\/p>\n","protected":false},"author":1,"featured_media":0,"parent":0,"menu_order":0,"comment_status":"closed","ping_status":"closed","template":"elementor_header_footer","meta":{"footnotes":""},"class_list":["post-8045","page","type-page","status-publish","hentry"],"yoast_head":"<!-- This site is optimized with the Yoast SEO plugin v24.3 - https:\/\/yoast.com\/wordpress\/plugins\/seo\/ -->\n<title>INFORMATIVA PRIVACY SPECIFICA - Mabel Linguistic Solutions<\/title>\n<meta name=\"robots\" content=\"noindex, nofollow\" \/>\n<meta property=\"og:locale\" content=\"it_IT\" \/>\n<meta property=\"og:type\" content=\"article\" \/>\n<meta property=\"og:title\" content=\"INFORMATIVA PRIVACY SPECIFICA - Mabel Linguistic Solutions\" \/>\n<meta property=\"og:description\" content=\"Informativa sul trattamento dei dati personali. In vigore dal 17\/12\/2024 PREMESSA La presente informativa tiene conto di quanto indicato dal Regolamento (UE) 2016\/679 del Parlamento europeo e del Consiglio del 27 aprile 2016 (GDPR) e dal Codice della Privacy (D. Lgs 30 giugno 2003 n. 196). Il documento \u00e8 stato redatto anche in base alle [&hellip;]\" \/>\n<meta property=\"og:url\" content=\"https:\/\/mabellinguisticsolutions.com\/it\/informativa-privacy-specifica\/\" \/>\n<meta property=\"og:site_name\" content=\"Mabel Linguistic Solutions\" \/>\n<meta property=\"article:modified_time\" content=\"2025-01-10T17:52:41+00:00\" \/>\n<meta name=\"twitter:card\" content=\"summary_large_image\" \/>\n<meta name=\"twitter:label1\" content=\"Tempo di lettura stimato\" \/>\n\t<meta name=\"twitter:data1\" content=\"11 minuti\" \/>\n<script type=\"application\/ld+json\" class=\"yoast-schema-graph\">{\"@context\":\"https:\/\/schema.org\",\"@graph\":[{\"@type\":\"WebPage\",\"@id\":\"https:\/\/mabellinguisticsolutions.com\/it\/informativa-privacy-specifica\/\",\"url\":\"https:\/\/mabellinguisticsolutions.com\/it\/informativa-privacy-specifica\/\",\"name\":\"INFORMATIVA PRIVACY SPECIFICA - Mabel Linguistic Solutions\",\"isPartOf\":{\"@id\":\"https:\/\/mabellinguisticsolutions.com\/it\/#website\"},\"datePublished\":\"2024-12-09T15:19:13+00:00\",\"dateModified\":\"2025-01-10T17:52:41+00:00\",\"breadcrumb\":{\"@id\":\"https:\/\/mabellinguisticsolutions.com\/it\/informativa-privacy-specifica\/#breadcrumb\"},\"inLanguage\":\"it-IT\",\"potentialAction\":[{\"@type\":\"ReadAction\",\"target\":[\"https:\/\/mabellinguisticsolutions.com\/it\/informativa-privacy-specifica\/\"]}]},{\"@type\":\"BreadcrumbList\",\"@id\":\"https:\/\/mabellinguisticsolutions.com\/it\/informativa-privacy-specifica\/#breadcrumb\",\"itemListElement\":[{\"@type\":\"ListItem\",\"position\":1,\"name\":\"Home\",\"item\":\"https:\/\/mabellinguisticsolutions.com\/it\/\"},{\"@type\":\"ListItem\",\"position\":2,\"name\":\"INFORMATIVA PRIVACY SPECIFICA\"}]},{\"@type\":\"WebSite\",\"@id\":\"https:\/\/mabellinguisticsolutions.com\/it\/#website\",\"url\":\"https:\/\/mabellinguisticsolutions.com\/it\/\",\"name\":\"Mabel Linguistic Solutions\",\"description\":\"\",\"potentialAction\":[{\"@type\":\"SearchAction\",\"target\":{\"@type\":\"EntryPoint\",\"urlTemplate\":\"https:\/\/mabellinguisticsolutions.com\/it\/?s={search_term_string}\"},\"query-input\":{\"@type\":\"PropertyValueSpecification\",\"valueRequired\":true,\"valueName\":\"search_term_string\"}}],\"inLanguage\":\"it-IT\"}]}<\/script>\n<!-- \/ Yoast SEO plugin. -->","yoast_head_json":{"title":"INFORMATIVA PRIVACY SPECIFICA - Mabel Linguistic Solutions","robots":{"index":"noindex","follow":"nofollow"},"og_locale":"it_IT","og_type":"article","og_title":"INFORMATIVA PRIVACY SPECIFICA - Mabel Linguistic Solutions","og_description":"Informativa sul trattamento dei dati personali. In vigore dal 17\/12\/2024 PREMESSA La presente informativa tiene conto di quanto indicato dal Regolamento (UE) 2016\/679 del Parlamento europeo e del Consiglio del 27 aprile 2016 (GDPR) e dal Codice della Privacy (D. Lgs 30 giugno 2003 n. 196). Il documento \u00e8 stato redatto anche in base alle [&hellip;]","og_url":"https:\/\/mabellinguisticsolutions.com\/it\/informativa-privacy-specifica\/","og_site_name":"Mabel Linguistic Solutions","article_modified_time":"2025-01-10T17:52:41+00:00","twitter_card":"summary_large_image","twitter_misc":{"Tempo di lettura stimato":"11 minuti"},"schema":{"@context":"https:\/\/schema.org","@graph":[{"@type":"WebPage","@id":"https:\/\/mabellinguisticsolutions.com\/it\/informativa-privacy-specifica\/","url":"https:\/\/mabellinguisticsolutions.com\/it\/informativa-privacy-specifica\/","name":"INFORMATIVA PRIVACY SPECIFICA - Mabel Linguistic Solutions","isPartOf":{"@id":"https:\/\/mabellinguisticsolutions.com\/it\/#website"},"datePublished":"2024-12-09T15:19:13+00:00","dateModified":"2025-01-10T17:52:41+00:00","breadcrumb":{"@id":"https:\/\/mabellinguisticsolutions.com\/it\/informativa-privacy-specifica\/#breadcrumb"},"inLanguage":"it-IT","potentialAction":[{"@type":"ReadAction","target":["https:\/\/mabellinguisticsolutions.com\/it\/informativa-privacy-specifica\/"]}]},{"@type":"BreadcrumbList","@id":"https:\/\/mabellinguisticsolutions.com\/it\/informativa-privacy-specifica\/#breadcrumb","itemListElement":[{"@type":"ListItem","position":1,"name":"Home","item":"https:\/\/mabellinguisticsolutions.com\/it\/"},{"@type":"ListItem","position":2,"name":"INFORMATIVA PRIVACY SPECIFICA"}]},{"@type":"WebSite","@id":"https:\/\/mabellinguisticsolutions.com\/it\/#website","url":"https:\/\/mabellinguisticsolutions.com\/it\/","name":"Mabel Linguistic Solutions","description":"","potentialAction":[{"@type":"SearchAction","target":{"@type":"EntryPoint","urlTemplate":"https:\/\/mabellinguisticsolutions.com\/it\/?s={search_term_string}"},"query-input":{"@type":"PropertyValueSpecification","valueRequired":true,"valueName":"search_term_string"}}],"inLanguage":"it-IT"}]}},"_links":{"self":[{"href":"https:\/\/mabellinguisticsolutions.com\/it\/wp-json\/wp\/v2\/pages\/8045","targetHints":{"allow":["GET"]}}],"collection":[{"href":"https:\/\/mabellinguisticsolutions.com\/it\/wp-json\/wp\/v2\/pages"}],"about":[{"href":"https:\/\/mabellinguisticsolutions.com\/it\/wp-json\/wp\/v2\/types\/page"}],"author":[{"embeddable":true,"href":"https:\/\/mabellinguisticsolutions.com\/it\/wp-json\/wp\/v2\/users\/1"}],"replies":[{"embeddable":true,"href":"https:\/\/mabellinguisticsolutions.com\/it\/wp-json\/wp\/v2\/comments?post=8045"}],"version-history":[{"count":14,"href":"https:\/\/mabellinguisticsolutions.com\/it\/wp-json\/wp\/v2\/pages\/8045\/revisions"}],"predecessor-version":[{"id":8134,"href":"https:\/\/mabellinguisticsolutions.com\/it\/wp-json\/wp\/v2\/pages\/8045\/revisions\/8134"}],"wp:attachment":[{"href":"https:\/\/mabellinguisticsolutions.com\/it\/wp-json\/wp\/v2\/media?parent=8045"}],"curies":[{"name":"wp","href":"https:\/\/api.w.org\/{rel}","templated":true}]}}